{"id":166,"date":"2021-11-19T10:40:01","date_gmt":"2021-11-19T10:40:01","guid":{"rendered":"https:\/\/kirche-warder.de\/kiwawopr\/?page_id=166"},"modified":"2021-12-08T13:46:44","modified_gmt":"2021-12-08T13:46:44","slug":"kindergarten-drei-freunde","status":"publish","type":"page","link":"https:\/\/kirche-warder.de\/kiwawopr\/index.php\/gemeinde\/kindergarten-drei-freunde\/","title":{"rendered":"Kindergarten &#8222;Drei Freunde&#8220;"},"content":{"rendered":"\n<p class=\"has-large-font-size\"><strong>Kindergarten &#8222;Drei Freunde&#8220;<\/strong><\/p>\n\n\n\n<p><em>\u201eLasset die Kinder zu mir kommen und wehret ihnen nicht, denn solchen geh\u00f6rt das Reich Gottes.\u201c<\/em><br>Neues Testament Markusevangelium Kapitel 10, Vers 14<\/p>\n\n\n\n<p>Die Kirchengemeinde Warder ist Tr\u00e4ger vom Kindergarten <em>Drei Freunde<\/em>. Im Mittelpunkt der p\u00e4dagogischen Arbeit steht das Kind, das f\u00fcr eine gesunde Entwicklung seiner Pers\u00f6nlichkeit Anerkennung, Orientierung, Vertrauen, Gemeinschaft und Religion braucht. Diese Grundbed\u00fcrfnisse setzen die Fachkr\u00e4fte im Sinne einer ganzheitlichen projektbezogenen P\u00e4dagogik um. Jedes Kind ist einzigartig und kommt aus unterschiedlichen sozialen, kulturellen und religi\u00f6sen Lebenswelten. Wir nehmen die Kinder mit ihren St\u00e4rken und Schw\u00e4chen an, sie sp\u00fcren, so wie ich bin, bin ich etwas Besonderes. Kind sein in unserer Einrichtungen hei\u00dft: \u201eEs ist gut, dass du da bist.\u201c Die Kinder erfahren eine Gemeinschaft, wo viele soziale Kontakte gekn\u00fcpft werden k\u00f6nnen, in denen Absprachen gelten und in der sie mitbestimmen k\u00f6nnen. Die Kinder werden ermuntert, eigene Ideen und Bed\u00fcrfnisse mit einzubringen. Kinder forschen und lernen mit allen Sinnen. Wir schaffen in unserer Einrichtung (Zeit-) R\u00e4ume und Situationen f\u00fcr den spezifischen Lern- und Entwicklungsprozess von Kindern. Das Kind ist hierbei Akteur seiner eigenen Entwicklung und bestimmt sein eigenes Lerntempo. Die Neugier, Freude und Eigent\u00e4tigkeit am Entdecken und Experimentieren werden besonders gef\u00f6rdert. Die spielerisch lernende Auseinandersetzung mit Lebenssituationen l\u00e4sst sie zu selbstbewussten und selbstst\u00e4ndigen Menschen werden.<\/p>\n\n\n\n<p>In unserer Einrichtung arbeitet ein Team von motivierten, christlichen und p\u00e4dagogisch qualifizierten Fachkr\u00e4ften. Regelm\u00e4\u00dfige Fortbildungen sichern und erweitern unsere fachliche Kompetenz. Wir Fachkr\u00e4fte begleiten die Kinder auf einem Teil ihres Lebensweges und verstehen uns als Entwicklungsbegleiterinnen der Kinder. Vertrauen, Zuverl\u00e4ssigkeit, Verantwortungsbewusstsein und Verbindlichkeit dienen uns als Grundlage. Wir unterst\u00fctzen den Forscherdrang der Kinder und geben vielf\u00e4ltige Anregungen, die die Kompetenzen der Kinder f\u00f6rdern. Als B\u00fcndnispartner setzen wir uns f\u00fcr die Bed\u00fcrfnisse, Lebenssituationen und Entwicklungsaufgaben in der jeweiligen Altersstufe der Kinder ein.<\/p>\n\n\n\n<p>Die Grundlage unseres christlichen Glaubens und Handelns ist das Evangelium Jesu Christi. Wir m\u00f6chten, dass die Kinder erleben, genie\u00dfen und sp\u00fcren, dass sie von Gott geliebt werden. Wir wollen&nbsp; N\u00e4chstenliebe vermitteln, Hilfsbereitschaft, Toleranz, Wertsch\u00e4tzung und Ehrlichkeit, aber auch Neugier und Verst\u00e4ndnis f\u00fcr den christlichen Glauben, in aller Offenheit f\u00fcr andere Konfessionen, wecken. Durch das Erz\u00e4hlen und Gestalten biblischer Geschichten, durch Singen und Beten begeben wir uns gemeinsam mit den Kindern auf eine Entdeckungsreise, um den christlichen Glauben kennenzulernen, zu verstehen und seine Bedeutung f\u00fcr das t\u00e4gliche Leben wahrzunehmen. Durch die Teilnahme am Gemeindeleben, z. B. durch das Feiern der Feste im Kirchenjahr und bei Gemeindeveranstaltungen erleben Kinder, wie wir unseren Glauben bekennen. Sie erfahren sich selbst als einen wichtigen Teil der Gemeinschaft. Die Aufmerksamkeit f\u00fcr die Natur als Sch\u00f6pfung Gottes wird in Projekten und Erkundungen mit den Kindern gef\u00f6rdert.<\/p>\n\n\n\n<p><strong>Evangelischer Kindergarten &#8222;Drei Freunde&#8220;<\/strong><br>Kirchweg 3<br>23821 Rohlstorf OT Warder<br>04559-98 38 6<br>kindergarten(at)kirche-warder.de<\/p>\n","protected":false},"excerpt":{"rendered":"<p>Kindergarten &#8222;Drei Freunde&#8220; \u201eLasset die Kinder zu mir kommen und wehret ihnen nicht, denn solchen geh\u00f6rt das Reich Gottes.\u201cNeues Testament Markusevangelium Kapitel 10, Vers 14 Die Kirchengemeinde Warder ist Tr\u00e4ger vom Kindergarten Drei Freunde. Im Mittelpunkt der p\u00e4dagogischen Arbeit steht das Kind, das f\u00fcr eine gesunde Entwicklung seiner Pers\u00f6nlichkeit Anerkennung, Orientierung, Vertrauen, Gemeinschaft und Religion [&hellip;]<\/p>\n","protected":false},"author":2,"featured_media":0,"parent":67,"menu_order":7,"comment_status":"closed","ping_status":"closed","template":"","meta":{"footnotes":""},"class_list":["post-166","page","type-page","status-publish","hentry"],"_links":{"self":[{"href":"https:\/\/kirche-warder.de\/kiwawopr\/index.php\/wp-json\/wp\/v2\/pages\/166","targetHints":{"allow":["GET"]}}],"collection":[{"href":"https:\/\/kirche-warder.de\/kiwawopr\/index.php\/wp-json\/wp\/v2\/pages"}],"about":[{"href":"https:\/\/kirche-warder.de\/kiwawopr\/index.php\/wp-json\/wp\/v2\/types\/page"}],"author":[{"embeddable":true,"href":"https:\/\/kirche-warder.de\/kiwawopr\/index.php\/wp-json\/wp\/v2\/users\/2"}],"replies":[{"embeddable":true,"href":"https:\/\/kirche-warder.de\/kiwawopr\/index.php\/wp-json\/wp\/v2\/comments?post=166"}],"version-history":[{"count":6,"href":"https:\/\/kirche-warder.de\/kiwawopr\/index.php\/wp-json\/wp\/v2\/pages\/166\/revisions"}],"predecessor-version":[{"id":498,"href":"https:\/\/kirche-warder.de\/kiwawopr\/index.php\/wp-json\/wp\/v2\/pages\/166\/revisions\/498"}],"up":[{"embeddable":true,"href":"https:\/\/kirche-warder.de\/kiwawopr\/index.php\/wp-json\/wp\/v2\/pages\/67"}],"wp:attachment":[{"href":"https:\/\/kirche-warder.de\/kiwawopr\/index.php\/wp-json\/wp\/v2\/media?parent=166"}],"curies":[{"name":"wp","href":"https:\/\/api.w.org\/{rel}","templated":true}]}}