{"id":169,"date":"2021-11-19T10:41:18","date_gmt":"2021-11-19T10:41:18","guid":{"rendered":"https:\/\/kirche-warder.de\/kiwawopr\/?page_id=169"},"modified":"2022-01-11T16:45:47","modified_gmt":"2022-01-11T16:45:47","slug":"foerderverein","status":"publish","type":"page","link":"https:\/\/kirche-warder.de\/kiwawopr\/index.php\/gemeinde\/foerderverein\/","title":{"rendered":"F\u00f6rderverein"},"content":{"rendered":"\n<p class=\"has-large-font-size\"><strong>F\u00f6rderverein<\/strong><\/p>\n\n\n\n<p>Der F\u00f6rderverein <em>Kreative Kirche Warder e.V.<\/em> unterst\u00fctzt die Kirchengemeinde Warder bei der Umsetzung von Projekten und Gruppen. Durch die sinkenden Kirchensteuereinnahmen k\u00f6nnen zuk\u00fcnftig einige der Angebote der Kirchengemeinde nur noch durch Spenden finanziert durchgef\u00fchrt und angeboten werden.<\/p>\n\n\n\n<p>Werden auch Sie Mitglied im F\u00f6rderverein und sichern Sie damit die Vielf\u00e4ltigkeit der Kirchengemeinde. <br>Wir freuen uns sehr \u00fcber Ihre Unterst\u00fctzung.<br>Bei Fragen zum Verein sprechen Sie gerne den <a href=\"https:\/\/kirche-warder.de\/kiwawopr\/index.php\/kontakt\/foerderverein-2\/\" data-type=\"page\" data-id=\"200\">Vereinsvorsitzenden Jaro Grimm<\/a> an oder die stellvertretende Vorsitzende <a href=\"https:\/\/kirche-warder.de\/kiwawopr\/index.php\/kontakt\/pastorin\/\" data-type=\"page\" data-id=\"191\">Pastorin Laura Roth<\/a>.<\/p>\n","protected":false},"excerpt":{"rendered":"<p>F\u00f6rderverein Der F\u00f6rderverein Kreative Kirche Warder e.V. unterst\u00fctzt die Kirchengemeinde Warder bei der Umsetzung von Projekten und Gruppen. Durch die sinkenden Kirchensteuereinnahmen k\u00f6nnen zuk\u00fcnftig einige der Angebote der Kirchengemeinde nur noch durch Spenden finanziert durchgef\u00fchrt und angeboten werden. Werden auch Sie Mitglied im F\u00f6rderverein und sichern Sie damit die Vielf\u00e4ltigkeit der Kirchengemeinde. Wir freuen uns [&hellip;]<\/p>\n","protected":false},"author":2,"featured_media":0,"parent":67,"menu_order":9,"comment_status":"closed","ping_status":"closed","template":"","meta":{"footnotes":""},"class_list":["post-169","page","type-page","status-publish","hentry"],"_links":{"self":[{"href":"https:\/\/kirche-warder.de\/kiwawopr\/index.php\/wp-json\/wp\/v2\/pages\/169","targetHints":{"allow":["GET"]}}],"collection":[{"href":"https:\/\/kirche-warder.de\/kiwawopr\/index.php\/wp-json\/wp\/v2\/pages"}],"about":[{"href":"https:\/\/kirche-warder.de\/kiwawopr\/index.php\/wp-json\/wp\/v2\/types\/page"}],"author":[{"embeddable":true,"href":"https:\/\/kirche-warder.de\/kiwawopr\/index.php\/wp-json\/wp\/v2\/users\/2"}],"replies":[{"embeddable":true,"href":"https:\/\/kirche-warder.de\/kiwawopr\/index.php\/wp-json\/wp\/v2\/comments?post=169"}],"version-history":[{"count":6,"href":"https:\/\/kirche-warder.de\/kiwawopr\/index.php\/wp-json\/wp\/v2\/pages\/169\/revisions"}],"predecessor-version":[{"id":581,"href":"https:\/\/kirche-warder.de\/kiwawopr\/index.php\/wp-json\/wp\/v2\/pages\/169\/revisions\/581"}],"up":[{"embeddable":true,"href":"https:\/\/kirche-warder.de\/kiwawopr\/index.php\/wp-json\/wp\/v2\/pages\/67"}],"wp:attachment":[{"href":"https:\/\/kirche-warder.de\/kiwawopr\/index.php\/wp-json\/wp\/v2\/media?parent=169"}],"curies":[{"name":"wp","href":"https:\/\/api.w.org\/{rel}","templated":true}]}}