{"id":183,"date":"2021-11-19T10:48:13","date_gmt":"2021-11-19T10:48:13","guid":{"rendered":"https:\/\/kirche-warder.de\/kiwawopr\/?page_id=183"},"modified":"2021-11-19T19:59:41","modified_gmt":"2021-11-19T19:59:41","slug":"trauer","status":"publish","type":"page","link":"https:\/\/kirche-warder.de\/kiwawopr\/index.php\/sample-page\/trauer\/","title":{"rendered":"Trauer"},"content":{"rendered":"\n<p class=\"has-large-font-size\"><strong>Trauer<\/strong><\/p>\n\n\n\n<p>Wenn ein Mensch stirbt, der uns nahe stand, suchen wir Trost und Hoffnung und w\u00fcnschen uns einen sch\u00f6nen und w\u00fcrdevollen Abschied.<br>Wenn eine Trauerfeier ansteht, wenden Sie sich an ein Bestattungsinstitut Ihrer Wahl und teilen dort den Wunsch mit, wenn die Trauerfeier von <a href=\"https:\/\/kirche-warder.de\/kiwawopr\/index.php\/kontakt\/pastorin\/\" data-type=\"page\" data-id=\"191\">Frau Pastorin Laura Roth<\/a> durchgef\u00fchrt werden soll. Das Bestattungsinstitut setzt sich dann mit uns in Verbindung.<\/p>\n\n\n\n<p>Die Bestattung Verstorbener geh\u00f6rt in der Kirche seit alters her zu den Werken der Barmherzigkeit. Sie wird begangen, um der Verstorbenen zu gedenken und sie der Gnade und Liebe Gottes zu befehlen und die Hinterbliebenen in ihrer Trauer zu tr\u00f6sten. Nach christlichem Verst\u00e4ndnis ist der Tod eines getauften Menschen der \u00dcbergang vom endlichen, irdischen Leben in ein Leben bei Gott, das ewig w\u00e4hrt. Die kirchliche Bestattung gilt darum allen Menschen, die getauft sind und bis zu ihrem Lebensende der Kirche angeh\u00f6rt haben.<\/p>\n\n\n\n<p>Vor der Trauerfeier gibt es ein Vorbereitungsgespr\u00e4ch mit Ihnen als Angeh\u00f6rigen. Sie k\u00f6nnen dann \u00fcber das Leben der verstorbenen Person sprechen und sich gemeinsam erinnern, vom Sterben erz\u00e4hlen und Ihrer Trauer Raum geben. Gemeinsam k\u00f6nnen biblische Texte und ein begleitendes Bibelwort, aber auch Musik f\u00fcr die Gestaltung der Trauerfeier ausgesucht werden. Das liegt ganz in Ihrer Hand. In der Regel findet so ein Gespr\u00e4ch bei Ihnen zu Hause statt. Aber nat\u00fcrlich steht auch der Besprechungsraus im Kirchenb\u00fcro als gesch\u00fctzter Raum zur Verf\u00fcgung.<\/p>\n\n\n\n<p>Am einem Sonntag nach der Trauerfeier wird der Name des\/der Verstorbenen im Gottesdienst genannt und es wird ein Gebet gesprochen. Dazu werden Sie herzlich eingeladen. Dar\u00fcber hinaus erinnern wir in jedem Jahr am letzten Sonntag des Kirchenjahres (Ewigkeitssonntag) um 11.15 Uhr an die Verstorbenen und verlesen die Namen. Zu diesem Gottesdienst werden Sie schriftlich von uns eingeladen. Wir freuen uns, wenn Sie den Friedhof in Warder als letzte Ruhest\u00e4tte w\u00e4hlen. Dort stehen Erd-, Urnen- und Baumgr\u00e4ber zur Verf\u00fcgung. Auch in dieser Hinsicht beraten wir Sie pers\u00f6nlich und individuell. Sprechen Sie uns gerne an und rufen Sie im <a href=\"https:\/\/kirche-warder.de\/kiwawopr\/index.php\/kontakt\/kirchenbuero\/\" data-type=\"page\" data-id=\"194\">Kirchenb\u00fcro<\/a> an oder schreiben Sie uns eine Email.<\/p>\n","protected":false},"excerpt":{"rendered":"<p>Trauer Wenn ein Mensch stirbt, der uns nahe stand, suchen wir Trost und Hoffnung und w\u00fcnschen uns einen sch\u00f6nen und w\u00fcrdevollen Abschied.Wenn eine Trauerfeier ansteht, wenden Sie sich an ein Bestattungsinstitut Ihrer Wahl und teilen dort den Wunsch mit, wenn die Trauerfeier von Frau Pastorin Laura Roth durchgef\u00fchrt werden soll. Das Bestattungsinstitut setzt sich dann [&hellip;]<\/p>\n","protected":false},"author":2,"featured_media":0,"parent":2,"menu_order":5,"comment_status":"closed","ping_status":"closed","template":"","meta":{"footnotes":""},"class_list":["post-183","page","type-page","status-publish","hentry"],"_links":{"self":[{"href":"https:\/\/kirche-warder.de\/kiwawopr\/index.php\/wp-json\/wp\/v2\/pages\/183","targetHints":{"allow":["GET"]}}],"collection":[{"href":"https:\/\/kirche-warder.de\/kiwawopr\/index.php\/wp-json\/wp\/v2\/pages"}],"about":[{"href":"https:\/\/kirche-warder.de\/kiwawopr\/index.php\/wp-json\/wp\/v2\/types\/page"}],"author":[{"embeddable":true,"href":"https:\/\/kirche-warder.de\/kiwawopr\/index.php\/wp-json\/wp\/v2\/users\/2"}],"replies":[{"embeddable":true,"href":"https:\/\/kirche-warder.de\/kiwawopr\/index.php\/wp-json\/wp\/v2\/comments?post=183"}],"version-history":[{"count":3,"href":"https:\/\/kirche-warder.de\/kiwawopr\/index.php\/wp-json\/wp\/v2\/pages\/183\/revisions"}],"predecessor-version":[{"id":300,"href":"https:\/\/kirche-warder.de\/kiwawopr\/index.php\/wp-json\/wp\/v2\/pages\/183\/revisions\/300"}],"up":[{"embeddable":true,"href":"https:\/\/kirche-warder.de\/kiwawopr\/index.php\/wp-json\/wp\/v2\/pages\/2"}],"wp:attachment":[{"href":"https:\/\/kirche-warder.de\/kiwawopr\/index.php\/wp-json\/wp\/v2\/media?parent=183"}],"curies":[{"name":"wp","href":"https:\/\/api.w.org\/{rel}","templated":true}]}}