{"id":186,"date":"2021-11-19T10:48:58","date_gmt":"2021-11-19T10:48:58","guid":{"rendered":"https:\/\/kirche-warder.de\/kiwawopr\/?page_id=186"},"modified":"2021-11-27T12:39:14","modified_gmt":"2021-11-27T12:39:14","slug":"kircheneintritt","status":"publish","type":"page","link":"https:\/\/kirche-warder.de\/kiwawopr\/index.php\/sample-page\/kircheneintritt\/","title":{"rendered":"Kircheneintritt"},"content":{"rendered":"\n<p class=\"has-large-font-size\"><strong>Kircheneintritt<\/strong><\/p>\n\n\n\n<p><em>\u201eDie Gewissheit, dass Gott mich kennt, <\/em><br><em>mich liebt und dass mein Leben in seinen H\u00e4nden geborgen ist, <\/em><br><em>schenkt Mut zum Leben, Mut zum Glauben.\u201c<\/em><br>Hermann von Loewenich<\/p>\n\n\n\n<p>Wir freuen uns, dass Sie daran denken, (wieder) in die evangelische Kirche einzutreten. Es hat sicher einen Grund gegeben, warum Sie aus der Kirche ausgetreten sind. Was auch immer es gewesen war, nun ist eine andere Zeit und Sie \u00fcberlegen, wieder zur\u00fcck zu kommen.<\/p>\n\n\n\n<p>Es gibt viele Gr\u00fcnde, um in die Kirche einzutreten. Zum einen ist da das religi\u00f6se Zuhause, der beruhigende Ort, \u201ewo man hingeh\u00f6rt\u201c und auch immer hingehen kann. Zum anderen geht es um den \u201eDienst an anderen\u201c. Ihre Kirchengemeinde vor Ort k\u00fcmmert sich um die Menschen, die ihr anvertraut sind. Bei wichtigen Lebensereignissen, wie bei der Geburt eines Kindes, der Konfirmation, beim Beginn einer Ehe, oder auch beim Abschied von Verstorbenen, ist Ihre Kirche da. Auch bei Krankheiten oder sonstigen Krisen und Schicksalsschl\u00e4gen ist die Kirchengemeinde ein wichtiger Ansprechpartner. Au\u00dferdem tragen wir \u00f6ffentliche Verantwortung \u2013 von dem Kindergarten \u00fcber die Jugendarbeit bis hin zur Seniorenbetreuung.<\/p>\n\n\n\n<p>Wenn Sie mit dem Gedanken spielen, wieder einzutreten, dann f\u00fchlen Sie sich ermutigt den Schritt zu wagen. <br>Wir freuen uns auf Sie! Nehmen Sie gerne <a href=\"https:\/\/kirche-warder.de\/kiwawopr\/index.php\/kontakt\/kirchenbuero\/\" data-type=\"page\" data-id=\"194\">Kontakt <\/a>zu uns auf.<\/p>\n","protected":false},"excerpt":{"rendered":"<p>Kircheneintritt \u201eDie Gewissheit, dass Gott mich kennt, mich liebt und dass mein Leben in seinen H\u00e4nden geborgen ist, schenkt Mut zum Leben, Mut zum Glauben.\u201cHermann von Loewenich Wir freuen uns, dass Sie daran denken, (wieder) in die evangelische Kirche einzutreten. Es hat sicher einen Grund gegeben, warum Sie aus der Kirche ausgetreten sind. Was auch [&hellip;]<\/p>\n","protected":false},"author":2,"featured_media":0,"parent":2,"menu_order":4,"comment_status":"closed","ping_status":"closed","template":"","meta":{"footnotes":""},"class_list":["post-186","page","type-page","status-publish","hentry"],"_links":{"self":[{"href":"https:\/\/kirche-warder.de\/kiwawopr\/index.php\/wp-json\/wp\/v2\/pages\/186","targetHints":{"allow":["GET"]}}],"collection":[{"href":"https:\/\/kirche-warder.de\/kiwawopr\/index.php\/wp-json\/wp\/v2\/pages"}],"about":[{"href":"https:\/\/kirche-warder.de\/kiwawopr\/index.php\/wp-json\/wp\/v2\/types\/page"}],"author":[{"embeddable":true,"href":"https:\/\/kirche-warder.de\/kiwawopr\/index.php\/wp-json\/wp\/v2\/users\/2"}],"replies":[{"embeddable":true,"href":"https:\/\/kirche-warder.de\/kiwawopr\/index.php\/wp-json\/wp\/v2\/comments?post=186"}],"version-history":[{"count":2,"href":"https:\/\/kirche-warder.de\/kiwawopr\/index.php\/wp-json\/wp\/v2\/pages\/186\/revisions"}],"predecessor-version":[{"id":452,"href":"https:\/\/kirche-warder.de\/kiwawopr\/index.php\/wp-json\/wp\/v2\/pages\/186\/revisions\/452"}],"up":[{"embeddable":true,"href":"https:\/\/kirche-warder.de\/kiwawopr\/index.php\/wp-json\/wp\/v2\/pages\/2"}],"wp:attachment":[{"href":"https:\/\/kirche-warder.de\/kiwawopr\/index.php\/wp-json\/wp\/v2\/media?parent=186"}],"curies":[{"name":"wp","href":"https:\/\/api.w.org\/{rel}","templated":true}]}}