{"id":197,"date":"2021-11-19T10:57:34","date_gmt":"2021-11-19T10:57:34","guid":{"rendered":"https:\/\/kirche-warder.de\/kiwawopr\/?page_id=197"},"modified":"2021-12-08T13:29:48","modified_gmt":"2021-12-08T13:29:48","slug":"kirchengemeinderat","status":"publish","type":"page","link":"https:\/\/kirche-warder.de\/kiwawopr\/index.php\/kontakt\/kirchengemeinderat\/","title":{"rendered":"Kirchengemeinderat"},"content":{"rendered":"\n<p class=\"has-large-font-size\"><strong>Kirchengemeinderat<\/strong><\/p>\n\n\n\n<p>Der Kirchengemeinderat ist das zentrale Leitungsgremium der Kirchengemeinde Warder. <br>Neben dem Vorsitzenden J\u00f6rg Buthmann geh\u00f6ren f\u00fcnf gew\u00e4hlte und ein berufenes Mitglied <br>dem Kirchengemeinderat an. <\/p>\n\n\n\n<p>Die Mitglieder entscheiden \u00fcber die Gestaltung der Gottesdienste, <br>beschlie\u00dfen alle gemeindlichen Satzungen und sind verantwortlich f\u00fcr Personalentscheidungen. <br>Sie k\u00fcmmern sich auch um die Unterhaltung der Geb\u00e4ude und des Friedhofs. <\/p>\n\n\n\n<p>Ebenso wirkt der Kirchengemeinderat bei der Leitung des<a href=\"https:\/\/kirche-warder.de\/kiwawopr\/index.php\/gemeinde\/kindergarten-drei-freunde\/\" data-type=\"page\" data-id=\"166\"> Kindergartens Drei Freunde<\/a>, dessen Tr\u00e4gerschaft die Kirchengemeinde Warder innehat. <br>J\u00e4hrlich wird der Haushalt beschlossen. <br>Die Aufgaben und Verantwortungsbereiche des Kirchengemeinderates sind vielf\u00e4ltig.<br>Einmal im Jahr informiert der Kirchengemeinderat im Rahmen einer Gemeindeversammlung \u00fcber seine T\u00e4tigkeit und gibt Gelegenheit, um Dinge zu besprechen.<\/p>\n","protected":false},"excerpt":{"rendered":"<p>Kirchengemeinderat Der Kirchengemeinderat ist das zentrale Leitungsgremium der Kirchengemeinde Warder. Neben dem Vorsitzenden J\u00f6rg Buthmann geh\u00f6ren f\u00fcnf gew\u00e4hlte und ein berufenes Mitglied dem Kirchengemeinderat an. Die Mitglieder entscheiden \u00fcber die Gestaltung der Gottesdienste, beschlie\u00dfen alle gemeindlichen Satzungen und sind verantwortlich f\u00fcr Personalentscheidungen. Sie k\u00fcmmern sich auch um die Unterhaltung der Geb\u00e4ude und des Friedhofs. Ebenso [&hellip;]<\/p>\n","protected":false},"author":2,"featured_media":0,"parent":70,"menu_order":4,"comment_status":"closed","ping_status":"closed","template":"","meta":{"footnotes":""},"class_list":["post-197","page","type-page","status-publish","hentry"],"_links":{"self":[{"href":"https:\/\/kirche-warder.de\/kiwawopr\/index.php\/wp-json\/wp\/v2\/pages\/197","targetHints":{"allow":["GET"]}}],"collection":[{"href":"https:\/\/kirche-warder.de\/kiwawopr\/index.php\/wp-json\/wp\/v2\/pages"}],"about":[{"href":"https:\/\/kirche-warder.de\/kiwawopr\/index.php\/wp-json\/wp\/v2\/types\/page"}],"author":[{"embeddable":true,"href":"https:\/\/kirche-warder.de\/kiwawopr\/index.php\/wp-json\/wp\/v2\/users\/2"}],"replies":[{"embeddable":true,"href":"https:\/\/kirche-warder.de\/kiwawopr\/index.php\/wp-json\/wp\/v2\/comments?post=197"}],"version-history":[{"count":3,"href":"https:\/\/kirche-warder.de\/kiwawopr\/index.php\/wp-json\/wp\/v2\/pages\/197\/revisions"}],"predecessor-version":[{"id":480,"href":"https:\/\/kirche-warder.de\/kiwawopr\/index.php\/wp-json\/wp\/v2\/pages\/197\/revisions\/480"}],"up":[{"embeddable":true,"href":"https:\/\/kirche-warder.de\/kiwawopr\/index.php\/wp-json\/wp\/v2\/pages\/70"}],"wp:attachment":[{"href":"https:\/\/kirche-warder.de\/kiwawopr\/index.php\/wp-json\/wp\/v2\/media?parent=197"}],"curies":[{"name":"wp","href":"https:\/\/api.w.org\/{rel}","templated":true}]}}