{"id":306,"date":"2021-11-19T20:08:30","date_gmt":"2021-11-19T20:08:30","guid":{"rendered":"https:\/\/kirche-warder.de\/kiwawopr\/?page_id=306"},"modified":"2021-11-27T12:22:06","modified_gmt":"2021-11-27T12:22:06","slug":"ihre-spende","status":"publish","type":"page","link":"https:\/\/kirche-warder.de\/kiwawopr\/index.php\/ihre-spende\/","title":{"rendered":"Ihre Spende"},"content":{"rendered":"\n<p class=\"has-large-font-size\"><strong>Ihre Spende<\/strong><\/p>\n\n\n\n<p>Sie wollen f\u00fcr die Kirchengemeinde Warder spenden? Dann freuen wir uns sehr. <br>Denn mit allen Spenden unterst\u00fctzen Sie die Kirche zu Warder und die Kirchengemeinde. <br>Wenn Sie f\u00fcr ein spezielles Projekt spenden wollen, geben Sie bitte einen Verwendungszweck an.<\/p>\n\n\n\n<p>Unser Spendenkonto lautet:<\/p>\n\n\n\n<p><strong>Kirchengemeinde Warder<\/strong><br>IBAN DE18 5206 0410 4906 4446 60<br>BIC GENODEF1EK1<br>Evangelische Bank Kiel<\/p>\n\n\n\n<p>F\u00fcr Ihre Spende ab 20,00 Euro erhalten Sie auf Anfrage eine steuerlich absetzbare Spendenbescheinigung.<\/p>\n","protected":false},"excerpt":{"rendered":"<p>Ihre Spende Sie wollen f\u00fcr die Kirchengemeinde Warder spenden? Dann freuen wir uns sehr. Denn mit allen Spenden unterst\u00fctzen Sie die Kirche zu Warder und die Kirchengemeinde. Wenn Sie f\u00fcr ein spezielles Projekt spenden wollen, geben Sie bitte einen Verwendungszweck an. Unser Spendenkonto lautet: Kirchengemeinde WarderIBAN DE18 5206 0410 4906 4446 60BIC GENODEF1EK1Evangelische Bank Kiel [&hellip;]<\/p>\n","protected":false},"author":2,"featured_media":0,"parent":0,"menu_order":0,"comment_status":"closed","ping_status":"closed","template":"","meta":{"footnotes":""},"class_list":["post-306","page","type-page","status-publish","hentry"],"_links":{"self":[{"href":"https:\/\/kirche-warder.de\/kiwawopr\/index.php\/wp-json\/wp\/v2\/pages\/306","targetHints":{"allow":["GET"]}}],"collection":[{"href":"https:\/\/kirche-warder.de\/kiwawopr\/index.php\/wp-json\/wp\/v2\/pages"}],"about":[{"href":"https:\/\/kirche-warder.de\/kiwawopr\/index.php\/wp-json\/wp\/v2\/types\/page"}],"author":[{"embeddable":true,"href":"https:\/\/kirche-warder.de\/kiwawopr\/index.php\/wp-json\/wp\/v2\/users\/2"}],"replies":[{"embeddable":true,"href":"https:\/\/kirche-warder.de\/kiwawopr\/index.php\/wp-json\/wp\/v2\/comments?post=306"}],"version-history":[{"count":4,"href":"https:\/\/kirche-warder.de\/kiwawopr\/index.php\/wp-json\/wp\/v2\/pages\/306\/revisions"}],"predecessor-version":[{"id":437,"href":"https:\/\/kirche-warder.de\/kiwawopr\/index.php\/wp-json\/wp\/v2\/pages\/306\/revisions\/437"}],"wp:attachment":[{"href":"https:\/\/kirche-warder.de\/kiwawopr\/index.php\/wp-json\/wp\/v2\/media?parent=306"}],"curies":[{"name":"wp","href":"https:\/\/api.w.org\/{rel}","templated":true}]}}