{"id":8,"date":"2021-08-19T16:02:24","date_gmt":"2021-08-19T16:02:24","guid":{"rendered":"https:\/\/kirche-warder.de\/kiwawopr\/?page_id=8"},"modified":"2022-09-13T19:41:31","modified_gmt":"2022-09-13T19:41:31","slug":"gottesdienste","status":"publish","type":"page","link":"https:\/\/kirche-warder.de\/kiwawopr\/index.php\/gemeinde\/gottesdienste\/","title":{"rendered":"Gottesdienste"},"content":{"rendered":"\n<p class=\"has-large-font-size\"><strong>Gottesdienste<\/strong><\/p>\n\n\n\n<figure class=\"wp-block-image size-full is-resized\"><img loading=\"lazy\" decoding=\"async\" src=\"https:\/\/kirche-warder.de\/kiwawopr\/wp-content\/uploads\/2021\/11\/Kirche-von-Innen.jpg\" alt=\"\" class=\"wp-image-85\" width=\"681\" height=\"305\"\/><\/figure>\n\n\n\n<p>Am Sonntag k\u00f6nnen Sie in der wundersch\u00f6nen <a href=\"https:\/\/kirche-warder.de\/kiwawopr\/index.php\/gemeinde\/kirche-zu-warder\/\" data-type=\"page\" data-id=\"153\">Kirche zu Warder<\/a> den Gottesdienst erleben. <br>Kommen Sie gerne vorbei! <\/p>\n\n\n\n<div id=\"churchdesk-widget-1663098047691\" data-events-per-page=\"5\" data-font-family=\"Arial, Helvetica, sans-serif\" data-link-color=\"rgb(133, 137, 187)\" data-information-label=\"icontext\" data-organizations-categories=\"5279-135294,5279-135291\" data-organizations-resources=\"5279-51960\" data-organization-id=\"5279\" data-widget-type=\"events\" data-language=\"de\" data-timestamp=\"1663098047691\"><\/div><script src=\"https:\/\/widgets.churchdesk.com\/assets\/js\/widgets.js\" async=\"true\"><\/script>\n\n\n\n<p>Das aktuelle Hygienekonzept f\u00fcr Gottesdienste h\u00e4ngt in der Kirche aus und <a href=\"https:\/\/kirche-warder.de\/kiwawopr\/wp-content\/uploads\/2022\/04\/Plakat_Infektionsschutz-Regeln_04.2022.pdf\">Sie k\u00f6nnen es hier einsehen. <\/a><br>Bei Fragen diesbez\u00fcglich wenden Sie sich gerne an das <a href=\"https:\/\/kirche-warder.de\/kiwawopr\/index.php\/kontakt\/kirchenbuero\/\" data-type=\"page\" data-id=\"194\">Kirchenb\u00fcro<\/a>.<\/p>\n","protected":false},"excerpt":{"rendered":"<p>Gottesdienste Am Sonntag k\u00f6nnen Sie in der wundersch\u00f6nen Kirche zu Warder den Gottesdienst erleben. Kommen Sie gerne vorbei! Das aktuelle Hygienekonzept f\u00fcr Gottesdienste h\u00e4ngt in der Kirche aus und Sie k\u00f6nnen es hier einsehen. Bei Fragen diesbez\u00fcglich wenden Sie sich gerne an das Kirchenb\u00fcro.<\/p>\n","protected":false},"author":2,"featured_media":0,"parent":67,"menu_order":1,"comment_status":"closed","ping_status":"closed","template":"","meta":{"footnotes":""},"class_list":["post-8","page","type-page","status-publish","hentry"],"_links":{"self":[{"href":"https:\/\/kirche-warder.de\/kiwawopr\/index.php\/wp-json\/wp\/v2\/pages\/8","targetHints":{"allow":["GET"]}}],"collection":[{"href":"https:\/\/kirche-warder.de\/kiwawopr\/index.php\/wp-json\/wp\/v2\/pages"}],"about":[{"href":"https:\/\/kirche-warder.de\/kiwawopr\/index.php\/wp-json\/wp\/v2\/types\/page"}],"author":[{"embeddable":true,"href":"https:\/\/kirche-warder.de\/kiwawopr\/index.php\/wp-json\/wp\/v2\/users\/2"}],"replies":[{"embeddable":true,"href":"https:\/\/kirche-warder.de\/kiwawopr\/index.php\/wp-json\/wp\/v2\/comments?post=8"}],"version-history":[{"count":27,"href":"https:\/\/kirche-warder.de\/kiwawopr\/index.php\/wp-json\/wp\/v2\/pages\/8\/revisions"}],"predecessor-version":[{"id":935,"href":"https:\/\/kirche-warder.de\/kiwawopr\/index.php\/wp-json\/wp\/v2\/pages\/8\/revisions\/935"}],"up":[{"embeddable":true,"href":"https:\/\/kirche-warder.de\/kiwawopr\/index.php\/wp-json\/wp\/v2\/pages\/67"}],"wp:attachment":[{"href":"https:\/\/kirche-warder.de\/kiwawopr\/index.php\/wp-json\/wp\/v2\/media?parent=8"}],"curies":[{"name":"wp","href":"https:\/\/api.w.org\/{rel}","templated":true}]}}